{"id":54,"date":"2025-01-22T09:42:27","date_gmt":"2025-01-22T08:42:27","guid":{"rendered":"https:\/\/rambuteau91430.com\/?page_id=54"},"modified":"2025-09-23T16:35:54","modified_gmt":"2025-09-23T16:35:54","slug":"test","status":"publish","type":"page","link":"https:\/\/rambuteau91430.fr\/","title":{"rendered":"Accueil"},"content":{"rendered":"\n<h1 class=\"wp-block-heading has-text-align-center\">Le coeur t&rsquo;en dit<\/h1>\n\n\n\n<p class=\"has-accent-2-background-color has-background\">Cette association h\u00e9berge des projets visant \u00e0 promouvoir les musiques traditionnelles.<br>Elle porte principalement les activit\u00e9s du groupe Odela, ainsi que les stages l\u2019Air libre.<br>Le bureau de l\u2019association (Thomas Saugier Pr\u00e9sident, Dominique Bocage tr\u00e9sori\u00e8re, Anne Marie Texeira secr\u00e9taire) soutient, porte et relaie les projets impuls\u00e9s en majorit\u00e9 par Caroline Bosselut.<br>Toute l\u2019\u00e9quipe met son talent et son \u00e9nergie au service des partages multig\u00e9n\u00e9rationnels, \u00e9panouissement des participants aux stages, rencontres humaines riches, \u00e9v\u00e8nements pluridisciplinaire (danse\/musique\/gastronomie\u2026)<\/p>\n\n\n\n<div class=\"wp-block-columns is-layout-flex wp-container-core-columns-is-layout-28f84493 wp-block-columns-is-layout-flex\">\n<div class=\"wp-block-column is-layout-flow wp-block-column-is-layout-flow\" style=\"flex-basis:25%\">\n<figure class=\"wp-block-image size-full\"><img loading=\"lazy\" decoding=\"async\" width=\"640\" height=\"640\" src=\"https:\/\/rambuteau91430.fr\/wp-content\/uploads\/2025\/02\/Odela-bal-accueil.jpg\" alt=\"\" class=\"wp-image-498\" srcset=\"https:\/\/rambuteau91430.fr\/wp-content\/uploads\/2025\/02\/Odela-bal-accueil.jpg 640w, https:\/\/rambuteau91430.fr\/wp-content\/uploads\/2025\/02\/Odela-bal-accueil-300x300.jpg 300w, https:\/\/rambuteau91430.fr\/wp-content\/uploads\/2025\/02\/Odela-bal-accueil-150x150.jpg 150w\" sizes=\"auto, (max-width: 640px) 100vw, 640px\" \/><\/figure>\n<\/div>\n\n\n\n<div class=\"wp-block-column is-layout-flow wp-block-column-is-layout-flow\" style=\"flex-basis:50%\">\n<figure class=\"wp-block-image size-large\"><img loading=\"lazy\" decoding=\"async\" width=\"1024\" height=\"576\" src=\"https:\/\/rambuteau91430.fr\/wp-content\/uploads\/2025\/02\/STAL-bal-accueil-1024x576.jpg\" alt=\"\" class=\"wp-image-499\" srcset=\"https:\/\/rambuteau91430.fr\/wp-content\/uploads\/2025\/02\/STAL-bal-accueil-1024x576.jpg 1024w, https:\/\/rambuteau91430.fr\/wp-content\/uploads\/2025\/02\/STAL-bal-accueil-300x169.jpg 300w, https:\/\/rambuteau91430.fr\/wp-content\/uploads\/2025\/02\/STAL-bal-accueil-768x432.jpg 768w, https:\/\/rambuteau91430.fr\/wp-content\/uploads\/2025\/02\/STAL-bal-accueil.jpg 1138w\" sizes=\"auto, (max-width: 1024px) 100vw, 1024px\" \/><\/figure>\n<\/div>\n\n\n\n<div class=\"wp-block-column is-layout-flow wp-block-column-is-layout-flow\" style=\"flex-basis:25%\">\n<figure class=\"wp-block-image size-full\"><img loading=\"lazy\" decoding=\"async\" width=\"959\" height=\"640\" src=\"https:\/\/rambuteau91430.fr\/wp-content\/uploads\/2025\/02\/Caroline-accueil.jpg\" alt=\"\" class=\"wp-image-497\" srcset=\"https:\/\/rambuteau91430.fr\/wp-content\/uploads\/2025\/02\/Caroline-accueil.jpg 959w, https:\/\/rambuteau91430.fr\/wp-content\/uploads\/2025\/02\/Caroline-accueil-300x200.jpg 300w, https:\/\/rambuteau91430.fr\/wp-content\/uploads\/2025\/02\/Caroline-accueil-768x513.jpg 768w\" sizes=\"auto, (max-width: 959px) 100vw, 959px\" \/><\/figure>\n<\/div>\n<\/div>\n\n\n\n<figure class=\"wp-block-audio\"><audio controls src=\"https:\/\/rambuteau91430.fr\/wp-content\/uploads\/2025\/03\/ratatam.mp3\"><\/audio><\/figure>\n\n\n\n<div style=\"height:100px\" aria-hidden=\"true\" class=\"wp-block-spacer\"><\/div>\n\n\n\n<hr class=\"wp-block-separator has-alpha-channel-opacity\"\/>\n\n\n\n<p class=\"has-small-font-size\">mentions legales \/ politiques de confidentialit\u00e9<\/p>\n\n\n\n<p><\/p>\n","protected":false},"excerpt":{"rendered":"<p>Le coeur t&rsquo;en dit Cette association h\u00e9berge des projets visant \u00e0 promouvoir les musiques traditionnelles.Elle porte principalement les activit\u00e9s du groupe Odela, ainsi que les stages l\u2019Air libre.Le bureau de l\u2019association (Thomas Saugier Pr\u00e9sident, Dominique Bocage tr\u00e9sori\u00e8re, Anne Marie Texeira secr\u00e9taire) soutient, porte et relaie les projets impuls\u00e9s en majorit\u00e9 par Caroline Bosselut.Toute l\u2019\u00e9quipe met [&hellip;]<\/p>\n","protected":false},"author":1,"featured_media":0,"parent":0,"menu_order":0,"comment_status":"closed","ping_status":"closed","template":"page-no-title","meta":{"footnotes":""},"class_list":["post-54","page","type-page","status-publish","hentry"],"_links":{"self":[{"href":"https:\/\/rambuteau91430.fr\/index.php\/wp-json\/wp\/v2\/pages\/54","targetHints":{"allow":["GET"]}}],"collection":[{"href":"https:\/\/rambuteau91430.fr\/index.php\/wp-json\/wp\/v2\/pages"}],"about":[{"href":"https:\/\/rambuteau91430.fr\/index.php\/wp-json\/wp\/v2\/types\/page"}],"author":[{"embeddable":true,"href":"https:\/\/rambuteau91430.fr\/index.php\/wp-json\/wp\/v2\/users\/1"}],"replies":[{"embeddable":true,"href":"https:\/\/rambuteau91430.fr\/index.php\/wp-json\/wp\/v2\/comments?post=54"}],"version-history":[{"count":4,"href":"https:\/\/rambuteau91430.fr\/index.php\/wp-json\/wp\/v2\/pages\/54\/revisions"}],"predecessor-version":[{"id":756,"href":"https:\/\/rambuteau91430.fr\/index.php\/wp-json\/wp\/v2\/pages\/54\/revisions\/756"}],"wp:attachment":[{"href":"https:\/\/rambuteau91430.fr\/index.php\/wp-json\/wp\/v2\/media?parent=54"}],"curies":[{"name":"wp","href":"https:\/\/api.w.org\/{rel}","templated":true}]}}