{"id":449,"date":"2025-03-29T21:38:54","date_gmt":"2025-03-29T20:38:54","guid":{"rendered":"https:\/\/rambuteau91430.com\/?page_id=447"},"modified":"2025-03-29T21:38:54","modified_gmt":"2025-03-29T20:38:54","slug":"formulaire-dinscription-stage-lair-libre","status":"publish","type":"page","link":"https:\/\/rambuteau91430.fr\/index.php\/formulaire-dinscription-stage-lair-libre\/","title":{"rendered":"Formulaire d&rsquo;Inscription stage L&rsquo;air Libre"},"content":{"rendered":"\n<p class=\"has-text-align-center has-text-color has-link-color has-x-large-font-size wp-elements-870a00699fdd854780878c896fb46bae\" style=\"color:#a809da\">Demande d&rsquo;inscription au STAGE<br> L&rsquo;AIR LIBRE DANSE du 9 AU 11 JUILLET 2025<\/p>\n\n\n\n<div class=\"wp-block-group is-style-section-1 has-global-padding is-layout-constrained wp-block-group-is-layout-constrained is-style-section-1--1\">\n<p class=\"has-text-align-center has-large-font-size\"><strong>Co\u00fbt du stage :<\/strong><\/p>\n\n\n\n<ul class=\"wp-block-list\">\n<li class=\"has-medium-font-size\">Inscription avant le 6 juin :<strong> 170\u20ac<\/strong><\/li>\n<\/ul>\n\n\n\n<ul class=\"wp-block-list\">\n<li class=\"has-medium-font-size\">Inscription apr\u00e8s le 6 juin : <strong>190\u20ac <\/strong>(date limite de paiement : 30 juin)<\/li>\n<\/ul>\n\n\n\n<p class=\"has-medium-font-size\">Ce tarif comprend la p\u00e9dagogie, les repas du midi, l\u2019entr\u00e9e du bal de fin de stage<\/p>\n\n\n\n<p class=\"has-small-font-size\">Les informations pr\u00e9cisant les modalit\u00e9s de r\u00e8glement vous seront transmis en retour de cette demande<\/p>\n<\/div>\n\n\n\n<div class=\"wpcf7 no-js\" id=\"wpcf7-f761-o1\" lang=\"fr-FR\" dir=\"ltr\" data-wpcf7-id=\"761\">\n<div class=\"screen-reader-response\"><p role=\"status\" aria-live=\"polite\" aria-atomic=\"true\"><\/p> <ul><\/ul><\/div>\n<form action=\"\/index.php\/wp-json\/wp\/v2\/pages\/449#wpcf7-f761-o1\" method=\"post\" class=\"wpcf7-form init\" aria-label=\"Formulaire de contact\" novalidate=\"novalidate\" data-status=\"init\">\n<fieldset class=\"hidden-fields-container\"><input type=\"hidden\" name=\"_wpcf7\" value=\"761\" \/><input type=\"hidden\" name=\"_wpcf7_version\" value=\"6.1.2\" \/><input type=\"hidden\" name=\"_wpcf7_locale\" value=\"fr_FR\" \/><input type=\"hidden\" name=\"_wpcf7_unit_tag\" value=\"wpcf7-f761-o1\" \/><input type=\"hidden\" name=\"_wpcf7_container_post\" value=\"0\" \/><input type=\"hidden\" name=\"_wpcf7_posted_data_hash\" value=\"\" \/>\n<\/fieldset>\n<p><label> Votre nom<br \/>\n<span class=\"wpcf7-form-control-wrap\" data-name=\"your-name\"><input size=\"40\" maxlength=\"400\" class=\"wpcf7-form-control wpcf7-text wpcf7-validates-as-required\" autocomplete=\"name\" aria-required=\"true\" aria-invalid=\"false\" value=\"\" type=\"text\" name=\"your-name\" \/><\/span> <\/label>\n<\/p>\n<p><label> Votre e-mail<br \/>\n<span class=\"wpcf7-form-control-wrap\" data-name=\"your-email\"><input size=\"40\" maxlength=\"400\" class=\"wpcf7-form-control wpcf7-email wpcf7-validates-as-required wpcf7-text wpcf7-validates-as-email\" autocomplete=\"email\" aria-required=\"true\" aria-invalid=\"false\" value=\"\" type=\"email\" name=\"your-email\" \/><\/span> <\/label>\n<\/p>\n<p><label> Objet<br \/>\n<span class=\"wpcf7-form-control-wrap\" data-name=\"your-subject\"><input size=\"40\" maxlength=\"400\" class=\"wpcf7-form-control wpcf7-text wpcf7-validates-as-required\" aria-required=\"true\" aria-invalid=\"false\" value=\"\" type=\"text\" name=\"your-subject\" \/><\/span> <\/label>\n<\/p>\n<p><label> Votre message (facultatif)<br \/>\n<span class=\"wpcf7-form-control-wrap\" data-name=\"your-message\"><textarea cols=\"40\" rows=\"10\" maxlength=\"2000\" class=\"wpcf7-form-control wpcf7-textarea\" aria-invalid=\"false\" name=\"your-message\"><\/textarea><\/span> <\/label>\n<\/p>\n<p><input class=\"wpcf7-form-control wpcf7-submit has-spinner\" type=\"submit\" value=\"Envoyer\" \/>\n<\/p><div class=\"wpcf7-response-output\" aria-hidden=\"true\"><\/div>\n<\/form>\n<\/div>\n\n\n\n\n<p class=\"has-small-font-size\">Si l\u2019association Le c\u0153ur t\u2019en dit se trouve dans l\u2019obligation d\u2019annuler le stage pour raisons sanitaires<br>ou cas de force majeure, nous nous engageons \u00e0 rembourser int\u00e9gralement les sommes vers\u00e9es.<br>L\u2019annulation de votre part \u00e0 moins de 5 jours du d\u00e9but du stage ne donnera lieu \u00e0 aucun<br>remboursement<\/p>\n\n\n\n<p><\/p>\n","protected":false},"excerpt":{"rendered":"<p>Demande d&rsquo;inscription au STAGE L&rsquo;AIR LIBRE DANSE du 9 AU 11 JUILLET 2025 Co\u00fbt du stage : Ce tarif comprend la p\u00e9dagogie, les repas du midi, l\u2019entr\u00e9e du bal de fin de stage Les informations pr\u00e9cisant les modalit\u00e9s de r\u00e8glement vous seront transmis en retour de cette demande Si l\u2019association Le c\u0153ur t\u2019en dit se [&hellip;]<\/p>\n","protected":false},"author":1,"featured_media":0,"parent":0,"menu_order":0,"comment_status":"closed","ping_status":"closed","template":"page-no-title","meta":{"footnotes":""},"class_list":["post-449","page","type-page","status-publish","hentry"],"_links":{"self":[{"href":"https:\/\/rambuteau91430.fr\/index.php\/wp-json\/wp\/v2\/pages\/449","targetHints":{"allow":["GET"]}}],"collection":[{"href":"https:\/\/rambuteau91430.fr\/index.php\/wp-json\/wp\/v2\/pages"}],"about":[{"href":"https:\/\/rambuteau91430.fr\/index.php\/wp-json\/wp\/v2\/types\/page"}],"author":[{"embeddable":true,"href":"https:\/\/rambuteau91430.fr\/index.php\/wp-json\/wp\/v2\/users\/1"}],"replies":[{"embeddable":true,"href":"https:\/\/rambuteau91430.fr\/index.php\/wp-json\/wp\/v2\/comments?post=449"}],"version-history":[{"count":0,"href":"https:\/\/rambuteau91430.fr\/index.php\/wp-json\/wp\/v2\/pages\/449\/revisions"}],"wp:attachment":[{"href":"https:\/\/rambuteau91430.fr\/index.php\/wp-json\/wp\/v2\/media?parent=449"}],"curies":[{"name":"wp","href":"https:\/\/api.w.org\/{rel}","templated":true}]}}