{"id":416,"date":"2025-03-06T16:24:08","date_gmt":"2025-03-06T15:24:08","guid":{"rendered":"https:\/\/rambuteau91430.com\/?page_id=416"},"modified":"2025-03-06T16:24:08","modified_gmt":"2025-03-06T15:24:08","slug":"duo-bosselut","status":"publish","type":"page","link":"https:\/\/rambuteau91430.fr\/index.php\/duo-bosselut\/","title":{"rendered":"Duo Bosselut"},"content":{"rendered":"\n<p class=\"has-background\" style=\"background-color:#000000\">Caroline&nbsp; et J\u00e9r\u00e9mie Bosselut&nbsp; jouent ensemble depuis 20 ans, acqu\u00e9rant au fil des ann\u00e9es complicit\u00e9, arrangements po\u00e9tiques et ancrage rythmique de ces musiques si particuli\u00e8rement vivantes.<\/p>\n\n\n\n<div class=\"wp-block-columns is-layout-flex wp-container-core-columns-is-layout-28f84493 wp-block-columns-is-layout-flex\">\n<div class=\"wp-block-column is-layout-flow wp-block-column-is-layout-flow\" style=\"flex-basis:40%\">\n<figure class=\"wp-block-image size-large\"><img loading=\"lazy\" decoding=\"async\" width=\"1024\" height=\"978\" src=\"https:\/\/rambuteau91430.com\/wp-content\/uploads\/2025\/03\/bal-duo-bosselut-1-1024x978.jpg\" alt=\"\" class=\"wp-image-419\" srcset=\"https:\/\/rambuteau91430.fr\/wp-content\/uploads\/2025\/03\/bal-duo-bosselut-1-1024x978.jpg 1024w, https:\/\/rambuteau91430.fr\/wp-content\/uploads\/2025\/03\/bal-duo-bosselut-1-300x287.jpg 300w, https:\/\/rambuteau91430.fr\/wp-content\/uploads\/2025\/03\/bal-duo-bosselut-1-768x734.jpg 768w, https:\/\/rambuteau91430.fr\/wp-content\/uploads\/2025\/03\/bal-duo-bosselut-1.jpg 1340w\" sizes=\"auto, (max-width: 1024px) 100vw, 1024px\" \/><\/figure>\n<\/div>\n\n\n\n<div class=\"wp-block-column is-layout-flow wp-block-column-is-layout-flow\" style=\"flex-basis:60%\">\n<p class=\"has-accent-2-background-color has-background has-medium-font-size\" style=\"padding-top:var(--wp--preset--spacing--20);padding-right:var(--wp--preset--spacing--30);padding-bottom:var(--wp--preset--spacing--20);padding-left:var(--wp--preset--spacing--30)\">M\u00ealant leurs instruments :<br>fl\u00fbtes\/chant\/cornemuse des Landes avec accord\u00e9on diatonique\/tun tun, percussions, <br>voyage \u00e0 travers les danses du Poitou, Gascogne, Auvergne, Bretagne, contredanses d&rsquo;Irlande et du Canada, valse, scottish, mazurka&#8230; <br>Caroline explique les danses afin de lancer et f\u00e9d\u00e9rer les danseurs.<\/p>\n<\/div>\n<\/div>\n\n\n\n<p class=\"has-accent-1-background-color has-background\">Ca swingue, \u00e7a danse, \u00e7a prend le temps de la douceur et \u00e7a f\u00eate !<\/p>\n","protected":false},"excerpt":{"rendered":"<p>Caroline&nbsp; et J\u00e9r\u00e9mie Bosselut&nbsp; jouent ensemble depuis 20 ans, acqu\u00e9rant au fil des ann\u00e9es complicit\u00e9, arrangements po\u00e9tiques et ancrage rythmique de ces musiques si particuli\u00e8rement vivantes. M\u00ealant leurs instruments :fl\u00fbtes\/chant\/cornemuse des Landes avec accord\u00e9on diatonique\/tun tun, percussions, voyage \u00e0 travers les danses du Poitou, Gascogne, Auvergne, Bretagne, contredanses d&rsquo;Irlande et du Canada, valse, scottish, mazurka&#8230; [&hellip;]<\/p>\n","protected":false},"author":1,"featured_media":0,"parent":0,"menu_order":0,"comment_status":"closed","ping_status":"closed","template":"","meta":{"footnotes":""},"class_list":["post-416","page","type-page","status-publish","hentry"],"_links":{"self":[{"href":"https:\/\/rambuteau91430.fr\/index.php\/wp-json\/wp\/v2\/pages\/416","targetHints":{"allow":["GET"]}}],"collection":[{"href":"https:\/\/rambuteau91430.fr\/index.php\/wp-json\/wp\/v2\/pages"}],"about":[{"href":"https:\/\/rambuteau91430.fr\/index.php\/wp-json\/wp\/v2\/types\/page"}],"author":[{"embeddable":true,"href":"https:\/\/rambuteau91430.fr\/index.php\/wp-json\/wp\/v2\/users\/1"}],"replies":[{"embeddable":true,"href":"https:\/\/rambuteau91430.fr\/index.php\/wp-json\/wp\/v2\/comments?post=416"}],"version-history":[{"count":0,"href":"https:\/\/rambuteau91430.fr\/index.php\/wp-json\/wp\/v2\/pages\/416\/revisions"}],"wp:attachment":[{"href":"https:\/\/rambuteau91430.fr\/index.php\/wp-json\/wp\/v2\/media?parent=416"}],"curies":[{"name":"wp","href":"https:\/\/api.w.org\/{rel}","templated":true}]}}