{"id":313,"date":"2025-03-03T11:09:43","date_gmt":"2025-03-03T10:09:43","guid":{"rendered":"https:\/\/rambuteau91430.com\/?page_id=313"},"modified":"2025-03-03T11:09:43","modified_gmt":"2025-03-03T10:09:43","slug":"odela","status":"publish","type":"page","link":"https:\/\/rambuteau91430.fr\/index.php\/odela\/","title":{"rendered":"Odela"},"content":{"rendered":"\n<p><audio controls=\"\" autoplay=\"\"><source src=\"http:\/\/rambutd.cluster100.hosting.ovh.net\/wp-content\/uploads\/2025\/05\/odela-bal-fevrier-2025-youtube.mp3\" type=\"audio\/mpeg\">Your browser does not support the audio element.<\/audio><\/p>\n\n\n\n<figure class=\"wp-block-image size-full\"><img loading=\"lazy\" decoding=\"async\" width=\"2560\" height=\"1707\" src=\"http:\/\/rambutd.cluster100.hosting.ovh.net\/wp-content\/uploads\/2025\/04\/13052024-IMG_7067_-scaled-1.jpg\" alt=\"\" class=\"wp-image-542\" srcset=\"https:\/\/rambuteau91430.fr\/wp-content\/uploads\/2025\/04\/13052024-IMG_7067_-scaled-1.jpg 2560w, https:\/\/rambuteau91430.fr\/wp-content\/uploads\/2025\/04\/13052024-IMG_7067_-scaled-1-300x200.jpg 300w, https:\/\/rambuteau91430.fr\/wp-content\/uploads\/2025\/04\/13052024-IMG_7067_-scaled-1-1024x683.jpg 1024w, https:\/\/rambuteau91430.fr\/wp-content\/uploads\/2025\/04\/13052024-IMG_7067_-scaled-1-768x512.jpg 768w, https:\/\/rambuteau91430.fr\/wp-content\/uploads\/2025\/04\/13052024-IMG_7067_-scaled-1-1536x1024.jpg 1536w, https:\/\/rambuteau91430.fr\/wp-content\/uploads\/2025\/04\/13052024-IMG_7067_-scaled-1-2048x1366.jpg 2048w\" sizes=\"auto, (max-width: 2560px) 100vw, 2560px\" \/><\/figure>\n\n\n\n<div class=\"wp-block-group is-nowrap is-layout-flex wp-container-core-group-is-layout-6c531013 wp-block-group-is-layout-flex\">\n<p class=\"has-accent-5-background-color has-background\">Odela est un groupe de bal autour de musiques \u00e0 danser de France (Poitou, Gascogne, Bretagne&#8230;) et d\u2019Irlande, enrichie des influences de chacun (classique, jazz, Br\u00e9sil) ainsi que des compositions originales. <br>L&rsquo;arriv\u00e9e de Fred en 2020 ajoute au groupe une couleur stimulante pour la danse ainsi qu\u2019une clart\u00e9 harmonique. <br>Odela c&rsquo;est une belle histoire d&rsquo;amiti\u00e9 entre ces 4 musiciens qui cherchent l&rsquo;osmose constante avec les danseurs.<\/p>\n\n\n\n<figure class=\"wp-block-embed is-type-video is-provider-youtube wp-block-embed-youtube wp-embed-aspect-16-9 wp-has-aspect-ratio\"><div class=\"wp-block-embed__wrapper\">\n<iframe loading=\"lazy\" title=\"Odela bal f\u00e9vrier 2025\" width=\"500\" height=\"281\" src=\"https:\/\/www.youtube.com\/embed\/jr_2p9ofGHs?feature=oembed\" frameborder=\"0\" allow=\"accelerometer; autoplay; clipboard-write; encrypted-media; gyroscope; picture-in-picture; web-share\" referrerpolicy=\"strict-origin-when-cross-origin\" allowfullscreen><\/iframe>\n<\/div><\/figure>\n<\/div>\n\n\n\n<p class=\"has-accent-2-background-color has-background\">Caroline BOSSELUT, Fl\u00fbtes \u00e0 bec boha chant et danse<\/p>\n\n\n\n<p>Flutiste \u00e0 bec, m\u00e9daille d&rsquo;or du CRR de Paris, DE de flute \u00e0 bec, maitrise de musicologie option p\u00e9dagogie \u00e0 la Sorbonne. Danseuse depuis une dizaine d&rsquo;ann\u00e9es, elle enseigne la fl\u00fbte \u00e0 bec et le whistle au conservatoire de Villebon sur Yvette et les musiques et danses traditionnelles au CRD Paris Saclay.<\/p>\n\n\n\n<p class=\"has-accent-2-background-color has-background\">Fr\u00e9d\u00e9ric HERVE, percussions, cavaquinho, chant<\/p>\n\n\n\n<p>Percussionniste, DE de musiques traditionnelles (percussions br\u00e9siliennes), professeur de percussions traditionnelles au CRD Paris Saclay, Chilly Mazarin et Igny. Egalement membre du groupe de musique br\u00e9silienne <em>Les b\u00e9cots de Lappa<\/em>.<\/p>\n\n\n\n<p class=\"has-accent-2-background-color has-background\">Andr\u00e9 BONIN, Contrebasse<\/p>\n\n\n\n<p>Contrebassiste, Ing\u00e9nieur du son \u00e0 l\u2019IMA Paris, Nombreuses exp\u00e9riences dans les musiques jazz et improvises, habitu\u00e9 \u00e0 l\u2019accompagnement de la danse au sens large (contemporaine, danses extra-europ\u00e9ennes vari\u00e9es\u2026)<\/p>\n\n\n\n<p class=\"has-accent-2-background-color has-background\">J\u00e9r\u00e9mie BOSSELUT, accord\u00e9on tuntun chant<\/p>\n\n\n\n<p>Accord\u00e9oniste diatonique, musicien autodidacte et multi-instrumentiste, riche de plusieurs influences notamment un voyage d&rsquo;un an en Afrique o\u00f9 il a appris les percussions, et les musiques du Poitou d&rsquo;o\u00f9 est originaire une partie de sa famille. Il est apiculteur de m\u00e9tier.<\/p>\n\n\n\n<p class=\"has-accent-1-background-color has-background\"><a href=\"https:\/\/www.facebook.com\/search\/top?q=odela\">https:\/\/www.facebook.com\/search\/top?q=odela<\/a><\/p>\n\n\n\n<figure class=\"wp-block-embed is-type-video is-provider-youtube wp-block-embed-youtube wp-embed-aspect-16-9 wp-has-aspect-ratio\"><div class=\"wp-block-embed__wrapper\">\n<iframe loading=\"lazy\" title=\"Odela bal f\u00e9vrier 2025\" width=\"500\" height=\"281\" src=\"https:\/\/www.youtube.com\/embed\/jr_2p9ofGHs?feature=oembed\" frameborder=\"0\" allow=\"accelerometer; autoplay; clipboard-write; encrypted-media; gyroscope; picture-in-picture; web-share\" referrerpolicy=\"strict-origin-when-cross-origin\" allowfullscreen><\/iframe>\n<\/div><\/figure>\n\n\n\n<figure class=\"wp-block-embed is-type-video is-provider-youtube wp-block-embed-youtube wp-embed-aspect-16-9 wp-has-aspect-ratio\"><div class=\"wp-block-embed__wrapper\">\n<iframe loading=\"lazy\" title=\"Odela bal villebon 23\" width=\"500\" height=\"281\" src=\"https:\/\/www.youtube.com\/embed\/gljZVXP2STY?feature=oembed\" frameborder=\"0\" allow=\"accelerometer; autoplay; clipboard-write; encrypted-media; gyroscope; picture-in-picture; web-share\" referrerpolicy=\"strict-origin-when-cross-origin\" allowfullscreen><\/iframe>\n<\/div><\/figure>\n","protected":false},"excerpt":{"rendered":"<p>Your browser does not support the audio element. Odela est un groupe de bal autour de musiques \u00e0 danser de France (Poitou, Gascogne, Bretagne&#8230;) et d\u2019Irlande, enrichie des influences de chacun (classique, jazz, Br\u00e9sil) ainsi que des compositions originales. L&rsquo;arriv\u00e9e de Fred en 2020 ajoute au groupe une couleur stimulante pour la danse ainsi qu\u2019une [&hellip;]<\/p>\n","protected":false},"author":1,"featured_media":0,"parent":0,"menu_order":0,"comment_status":"closed","ping_status":"closed","template":"","meta":{"footnotes":""},"class_list":["post-313","page","type-page","status-publish","hentry"],"_links":{"self":[{"href":"https:\/\/rambuteau91430.fr\/index.php\/wp-json\/wp\/v2\/pages\/313","targetHints":{"allow":["GET"]}}],"collection":[{"href":"https:\/\/rambuteau91430.fr\/index.php\/wp-json\/wp\/v2\/pages"}],"about":[{"href":"https:\/\/rambuteau91430.fr\/index.php\/wp-json\/wp\/v2\/types\/page"}],"author":[{"embeddable":true,"href":"https:\/\/rambuteau91430.fr\/index.php\/wp-json\/wp\/v2\/users\/1"}],"replies":[{"embeddable":true,"href":"https:\/\/rambuteau91430.fr\/index.php\/wp-json\/wp\/v2\/comments?post=313"}],"version-history":[{"count":0,"href":"https:\/\/rambuteau91430.fr\/index.php\/wp-json\/wp\/v2\/pages\/313\/revisions"}],"wp:attachment":[{"href":"https:\/\/rambuteau91430.fr\/index.php\/wp-json\/wp\/v2\/media?parent=313"}],"curies":[{"name":"wp","href":"https:\/\/api.w.org\/{rel}","templated":true}]}}