{"id":21,"date":"2025-01-21T13:50:00","date_gmt":"2025-01-21T12:50:00","guid":{"rendered":"https:\/\/rambuteau91430.com\/?page_id=21"},"modified":"2025-01-21T13:50:00","modified_gmt":"2025-01-21T12:50:00","slug":"autres-projets","status":"publish","type":"page","link":"https:\/\/rambuteau91430.fr\/index.php\/autres-projets\/","title":{"rendered":"Autres projets p\u00e9dagogiques"},"content":{"rendered":"\n<figure class=\"wp-block-image size-large img-odela\"><img loading=\"lazy\" decoding=\"async\" width=\"1024\" height=\"576\" src=\"http:\/\/rambutd.cluster100.hosting.ovh.net\/wp-content\/uploads\/2025\/02\/concert-2-1024x576.jpg\" alt=\"\" class=\"wp-image-306\" srcset=\"https:\/\/rambuteau91430.fr\/wp-content\/uploads\/2025\/02\/concert-2-1024x576.jpg 1024w, https:\/\/rambuteau91430.fr\/wp-content\/uploads\/2025\/02\/concert-2-300x169.jpg 300w, https:\/\/rambuteau91430.fr\/wp-content\/uploads\/2025\/02\/concert-2-768x432.jpg 768w, https:\/\/rambuteau91430.fr\/wp-content\/uploads\/2025\/02\/concert-2-1536x864.jpg 1536w, https:\/\/rambuteau91430.fr\/wp-content\/uploads\/2025\/02\/concert-2.jpg 1920w\" sizes=\"auto, (max-width: 1024px) 100vw, 1024px\" \/><\/figure>\n\n\n\n<p class=\"has-accent-5-background-color has-background\">Cours de flute \u00e0 bec\/whistle&nbsp;au <a href=\"https:\/\/www.villebon-sur-yvette.fr\/mes-sorties-et-loisirs\/conservatoire-erik-satie\/\">conservatoire de Villebon-sur-Yvette<\/a><\/p>\n\n\n\n<p class=\"has-accent-5-background-color has-background\">&nbsp;Atelier musiques et danses traditionnelles au CRD Paris Saclay (\u00e0 destination des \u00e9l\u00e8ves CHAM)<\/p>\n\n\n\n<h2 class=\"wp-block-heading has-accent-2-background-color has-background\">Stage de danses traditionnelles&nbsp;<\/h2>\n\n\n\n<p class=\"has-accent-5-background-color has-background\"> Ma p\u00e9dagogie est issue de mon exp\u00e9rience de musicienne et de danseuse. <br>Elle est centr\u00e9e autour de quatre axes : <br>&#8211; plaisir de faire <br>&#8211; pr\u00e9cision afin de progresser <br>&#8211; sensorialit\u00e9\/respiration <br>&#8211; connexion avec la musique. <br>Je transmets essentiellement les principales danses de bal folk afin de pouvoir s&rsquo;amuser en bal folk ; quelques contredanses. Il me semble important et stimulant d&rsquo;alterner conseils de groupes et conseils individuels.<br><br> Voici ce que je peux proposer :<br>&#8211; initiation danses avant le bal <br>&#8211; coordination et animation de boeuf \/ bal trad<br>&#8211; team building en entreprise<\/p>\n\n\n\n<figure class=\"wp-block-image aligncenter size-large is-resized\"><img loading=\"lazy\" decoding=\"async\" width=\"1024\" height=\"458\" src=\"https:\/\/rambutd.cluster100.hosting.ovh.net\/wp-content\/uploads\/2025\/05\/odela-cercle-bal-1024x458.jpg\" alt=\"\" class=\"wp-image-631\" style=\"width:401px;height:auto\" srcset=\"https:\/\/rambuteau91430.fr\/wp-content\/uploads\/2025\/05\/odela-cercle-bal-1024x458.jpg 1024w, https:\/\/rambuteau91430.fr\/wp-content\/uploads\/2025\/05\/odela-cercle-bal-300x134.jpg 300w, https:\/\/rambuteau91430.fr\/wp-content\/uploads\/2025\/05\/odela-cercle-bal-768x344.jpg 768w, https:\/\/rambuteau91430.fr\/wp-content\/uploads\/2025\/05\/odela-cercle-bal-1536x687.jpg 1536w, https:\/\/rambuteau91430.fr\/wp-content\/uploads\/2025\/05\/odela-cercle-bal.jpg 1600w\" sizes=\"auto, (max-width: 1024px) 100vw, 1024px\" \/><\/figure>\n\n\n\n<h2 class=\"wp-block-heading has-accent-2-background-color has-background\">Projet bal dans les \u00e9coles<\/h2>\n\n\n\n<p class=\"has-accent-5-background-color has-background\">Conception, coordination de bals dans les \u00e9coles, projet sur l\u2019ann\u00e9e,&nbsp; lien avec les intervenants en milieu scolaire et les professeurs<\/p>\n\n\n\n<figure class=\"wp-block-image size-large\"><img loading=\"lazy\" decoding=\"async\" width=\"1024\" height=\"576\" src=\"http:\/\/rambutd.cluster100.hosting.ovh.net\/wp-content\/uploads\/2025\/02\/concert-1-1024x576.jpg\" alt=\"\" class=\"wp-image-305\" srcset=\"https:\/\/rambuteau91430.fr\/wp-content\/uploads\/2025\/02\/concert-1-1024x576.jpg 1024w, https:\/\/rambuteau91430.fr\/wp-content\/uploads\/2025\/02\/concert-1-300x169.jpg 300w, https:\/\/rambuteau91430.fr\/wp-content\/uploads\/2025\/02\/concert-1-768x432.jpg 768w, https:\/\/rambuteau91430.fr\/wp-content\/uploads\/2025\/02\/concert-1.jpg 1368w\" sizes=\"auto, (max-width: 1024px) 100vw, 1024px\" \/><\/figure>\n\n\n\n<h2 class=\"wp-block-heading has-accent-2-background-color has-background\">Formation de formateurs en musiques et danses traditionnelles<\/h2>\n\n\n\n<p class=\"has-accent-5-background-color has-background\">A destination des \u00e9quipes de professeurs de conservatoire. Initiation ou perfectionnement aux musiques traditionnelles : <br>&#8211; apprentissage oral,<br>&#8211; transmission d\u2019audio et partitions,<br>&#8211; travail d&rsquo;accentuation,<br>&#8211; ornementation ; <br>&#8211; transmission d&rsquo;une p\u00e9dagogie approuv\u00e9e depuis une vingtaine d&rsquo;ann\u00e9es, <br>&#8211; apprentissage des danses associ\u00e9es aux musiques ;<br>&#8211; masterclass de whistle et\/ou flutes \u00e0 bec dans les musiques traditionnelles.<\/p>\n\n\n\n<figure class=\"wp-block-image size-large is-style-rounded\"><img decoding=\"async\" src=\"http:\/\/rambuteau91430.com\/wp-content\/uploads\/2025\/02\/Stage-1-1024x768.jpg\" alt=\"\" class=\"wp-image-303\"\/><\/figure>\n","protected":false},"excerpt":{"rendered":"<p>Cours de flute \u00e0 bec\/whistle&nbsp;au conservatoire de Villebon-sur-Yvette &nbsp;Atelier musiques et danses traditionnelles au CRD Paris Saclay (\u00e0 destination des \u00e9l\u00e8ves CHAM) Stage de danses traditionnelles&nbsp; Ma p\u00e9dagogie est issue de mon exp\u00e9rience de musicienne et de danseuse. Elle est centr\u00e9e autour de quatre axes : &#8211; plaisir de faire &#8211; pr\u00e9cision afin de progresser [&hellip;]<\/p>\n","protected":false},"author":1,"featured_media":0,"parent":0,"menu_order":0,"comment_status":"closed","ping_status":"closed","template":"","meta":{"footnotes":""},"class_list":["post-21","page","type-page","status-publish","hentry"],"_links":{"self":[{"href":"https:\/\/rambuteau91430.fr\/index.php\/wp-json\/wp\/v2\/pages\/21","targetHints":{"allow":["GET"]}}],"collection":[{"href":"https:\/\/rambuteau91430.fr\/index.php\/wp-json\/wp\/v2\/pages"}],"about":[{"href":"https:\/\/rambuteau91430.fr\/index.php\/wp-json\/wp\/v2\/types\/page"}],"author":[{"embeddable":true,"href":"https:\/\/rambuteau91430.fr\/index.php\/wp-json\/wp\/v2\/users\/1"}],"replies":[{"embeddable":true,"href":"https:\/\/rambuteau91430.fr\/index.php\/wp-json\/wp\/v2\/comments?post=21"}],"version-history":[{"count":0,"href":"https:\/\/rambuteau91430.fr\/index.php\/wp-json\/wp\/v2\/pages\/21\/revisions"}],"wp:attachment":[{"href":"https:\/\/rambuteau91430.fr\/index.php\/wp-json\/wp\/v2\/media?parent=21"}],"curies":[{"name":"wp","href":"https:\/\/api.w.org\/{rel}","templated":true}]}}