{"id":19,"date":"2025-01-21T13:46:19","date_gmt":"2025-01-21T12:46:19","guid":{"rendered":"https:\/\/rambuteau91430.com\/?page_id=19"},"modified":"2025-10-06T11:46:59","modified_gmt":"2025-10-06T11:46:59","slug":"stages","status":"publish","type":"page","link":"https:\/\/rambuteau91430.fr\/index.php\/stages\/","title":{"rendered":"Les stages L&rsquo;AIR LIBRE"},"content":{"rendered":"\n<h2 class=\"wp-block-heading\">Prochains stages l&rsquo;air libre:<\/h2>\n\n\n\n<ul class=\"wp-block-list\">\n<li>Musique du 23 au 27 f\u00e9vrier 2026 ; danse du 25 au 27 f\u00e9vrier.<\/li>\n<\/ul>\n\n\n\n<p>Th\u00e9matique Auvergne avec Lo\u00efc Etienne et Olivier Sulpice<\/p>\n\n\n\n<ul class=\"wp-block-list\">\n<li>Musique du 6 au 10 juillet 2026 ; danse du 8 au 10 juillet  Th\u00e9matique Br\u00e9sil avec Fr\u00e9d\u00e9ric Herv\u00e9<\/li>\n<\/ul>\n\n\n\n<figure class=\"wp-block-image size-large\"><img loading=\"lazy\" decoding=\"async\" width=\"730\" height=\"1024\" src=\"https:\/\/rambutd.cluster100.hosting.ovh.net\/wp-content\/uploads\/2025\/06\/tract-recto2025-730x1024.jpg\" alt=\"\" class=\"wp-image-738\" srcset=\"https:\/\/rambuteau91430.fr\/wp-content\/uploads\/2025\/06\/tract-recto2025-730x1024.jpg 730w, https:\/\/rambuteau91430.fr\/wp-content\/uploads\/2025\/06\/tract-recto2025-214x300.jpg 214w, https:\/\/rambuteau91430.fr\/wp-content\/uploads\/2025\/06\/tract-recto2025-768x1077.jpg 768w, https:\/\/rambuteau91430.fr\/wp-content\/uploads\/2025\/06\/tract-recto2025-1095x1536.jpg 1095w, https:\/\/rambuteau91430.fr\/wp-content\/uploads\/2025\/06\/tract-recto2025.jpg 1100w\" sizes=\"auto, (max-width: 730px) 100vw, 730px\" \/><\/figure>\n\n\n\n<figure class=\"wp-block-image size-large\"><img loading=\"lazy\" decoding=\"async\" width=\"730\" height=\"1024\" src=\"http:\/\/rambutd.cluster100.hosting.ovh.net\/wp-content\/uploads\/2025\/03\/tract-ete-verso-25-musiquelight-730x1024.jpg\" alt=\"\" class=\"wp-image-457\" srcset=\"https:\/\/rambuteau91430.fr\/wp-content\/uploads\/2025\/03\/tract-ete-verso-25-musiquelight-730x1024.jpg 730w, https:\/\/rambuteau91430.fr\/wp-content\/uploads\/2025\/03\/tract-ete-verso-25-musiquelight-214x300.jpg 214w, https:\/\/rambuteau91430.fr\/wp-content\/uploads\/2025\/03\/tract-ete-verso-25-musiquelight-768x1077.jpg 768w, https:\/\/rambuteau91430.fr\/wp-content\/uploads\/2025\/03\/tract-ete-verso-25-musiquelight-1095x1536.jpg 1095w, https:\/\/rambuteau91430.fr\/wp-content\/uploads\/2025\/03\/tract-ete-verso-25-musiquelight.jpg 1100w\" sizes=\"auto, (max-width: 730px) 100vw, 730px\" \/><\/figure>\n\n\n\n<p class=\"has-accent-2-background-color has-background\">Port\u00e9s par l&rsquo;association Le c\u0153ur t&rsquo;en dit les stages l&rsquo;air libre proposent une immersion musicale et\/ou dansante dans l&rsquo;univers des musiques et danses traditionnelles de France et d&rsquo;Europe :<\/p>\n\n\n\n<ul style=\"background-color:#000000\" class=\"wp-block-list has-background\">\n<li>Ambiance chaleureuse, stimulante et bienveillante<\/li>\n\n\n\n<li>Bal final des stagiaires avec des groupes professionnels<\/li>\n\n\n\n<li>Equipe ados\/adultes interg\u00e9n\u00e9rationnelle<\/li>\n\n\n\n<li>Jeu d&rsquo;ensemble, \u00e9coute des autres, ancrage rythmique<\/li>\n\n\n\n<li>Repas fait maison.<\/li>\n<\/ul>\n\n\n\n<p class=\"has-accent-2-background-color has-background\">Un stage musique <\/p>\n\n\n\n<ul style=\"background-color:#000000\" class=\"wp-block-list has-background\">\n<li>5 jours d&rsquo;immersion dans les musiques traditionnelles d&rsquo;une r\u00e9gion diff\u00e9rente \u00e0 chaque stage<\/li>\n\n\n\n<li>Approche compl\u00e8te (jeu en orchestre, conseils individuels, danse, percussion, \u00e9chauffement)<\/li>\n\n\n\n<li>Exploration des accentuations ornementations<\/li>\n\n\n\n<li>Temps de culture musicale.<\/li>\n<\/ul>\n\n\n\n<p class=\"has-accent-2-background-color has-background\">Un stage de danse <\/p>\n\n\n\n<ul style=\"background-color:#000000\" class=\"wp-block-list has-background\">\n<li>3 jours d&rsquo;immersion dans les danses traditionnelles d&rsquo;une r\u00e9gion diff\u00e9rente \u00e0 chaque stage<\/li>\n\n\n\n<li>Exploration des liens musique danse : partage avec les musiciens du stage musique<\/li>\n\n\n\n<li>Temps de culture musicale.<\/li>\n<\/ul>\n\n\n\n<p class=\"has-accent-2-background-color has-background\">Actuellement, les stages ont lieu deux fois par an&nbsp;:<\/p>\n\n\n\n<ul style=\"background-color:#000000\" class=\"wp-block-list has-background\">\n<li>Premi\u00e8re semaine des vacances de f\u00e9vrier en zone C<\/li>\n\n\n\n<li>Premi\u00e8re semaine des vacances d&rsquo;\u00e9t\u00e9 d\u00e9but juillet.<\/li>\n<\/ul>\n\n\n\n<p class=\"is-style-default has-accent-1-background-color has-background\"><a href=\"https:\/\/rambuteau91430.fr\/index.php\/formulaire-dinscription-stage-lair-libre\/\" data-type=\"page\" data-id=\"449\">Acc\u00e8s au formulaire d&rsquo;inscription du stage du 9 au 11 Juillet 2025<\/a><\/p>\n\n\n\n<figure class=\"wp-block-image size-large\"><img decoding=\"async\" src=\"https:\/\/rambuteau91430.com\/wp-content\/uploads\/2025\/03\/STAL-bal-1024x576.jpg\" alt=\"\" class=\"wp-image-441\"\/><\/figure>\n\n\n\n<div class=\"wp-block-columns is-layout-flex wp-container-core-columns-is-layout-28f84493 wp-block-columns-is-layout-flex\">\n<div class=\"wp-block-column is-layout-flow wp-block-column-is-layout-flow\" style=\"flex-basis:100%\">\n<div class=\"wp-block-columns is-layout-flex wp-container-core-columns-is-layout-28f84493 wp-block-columns-is-layout-flex\">\n<div class=\"wp-block-column is-vertically-aligned-center is-layout-flow wp-block-column-is-layout-flow\"><\/div>\n\n\n\n<div class=\"wp-block-column is-layout-flow wp-block-column-is-layout-flow\"><\/div>\n<\/div>\n<\/div>\n<\/div>\n\n\n\n<figure class=\"wp-block-gallery has-nested-images columns-default is-cropped wp-block-gallery-1 is-layout-flex wp-block-gallery-is-layout-flex\">\n<figure class=\"wp-block-image size-large\"><img decoding=\"async\" data-id=\"524\" src=\"https:\/\/rambutd.cluster100.hosting.ovh.net\/wp-content\/uploads\/2025\/04\/20-1024x683.jpg\" alt=\"\" class=\"wp-image-524\"\/><\/figure>\n\n\n\n<figure class=\"wp-block-image size-large\"><img decoding=\"async\" data-id=\"525\" src=\"https:\/\/rambutd.cluster100.hosting.ovh.net\/wp-content\/uploads\/2025\/04\/22-1024x683.jpg\" alt=\"\" class=\"wp-image-525\"\/><\/figure>\n<\/figure>\n\n\n\n<figure class=\"wp-block-image size-large\"><img loading=\"lazy\" decoding=\"async\" width=\"1024\" height=\"683\" src=\"https:\/\/rambutd.cluster100.hosting.ovh.net\/wp-content\/uploads\/2025\/04\/A7R3007-1024x683.jpg\" alt=\"\" class=\"wp-image-523\" srcset=\"https:\/\/rambuteau91430.fr\/wp-content\/uploads\/2025\/04\/A7R3007-1024x683.jpg 1024w, https:\/\/rambuteau91430.fr\/wp-content\/uploads\/2025\/04\/A7R3007-300x200.jpg 300w, https:\/\/rambuteau91430.fr\/wp-content\/uploads\/2025\/04\/A7R3007-768x512.jpg 768w, https:\/\/rambuteau91430.fr\/wp-content\/uploads\/2025\/04\/A7R3007-1536x1025.jpg 1536w, https:\/\/rambuteau91430.fr\/wp-content\/uploads\/2025\/04\/A7R3007.jpg 1920w\" sizes=\"auto, (max-width: 1024px) 100vw, 1024px\" \/><\/figure>\n\n\n\n<figure class=\"wp-block-gallery has-nested-images columns-default is-cropped wp-block-gallery-2 is-layout-flex wp-block-gallery-is-layout-flex\">\n<figure class=\"wp-block-image aligncenter size-large is-resized\"><img decoding=\"async\" data-id=\"444\" src=\"http:\/\/rambuteau91430.com\/wp-content\/uploads\/2025\/03\/STAL-alixbernard-sophie-683x1024.jpg\" alt=\"\" class=\"wp-image-444\" style=\"width:229px;height:auto\"\/><\/figure>\n\n\n\n<figure class=\"wp-block-image size-large\"><img decoding=\"async\" data-id=\"520\" src=\"http:\/\/carolinebosselut.com\/wp-content\/uploads\/2025\/04\/lair-libre-2023-ete-768x1024.jpg\" alt=\"\" class=\"wp-image-520\"\/><\/figure>\n<\/figure>\n\n\n\n<figure class=\"wp-block-image size-large\"><img loading=\"lazy\" decoding=\"async\" width=\"1024\" height=\"576\" src=\"http:\/\/rambutd.cluster100.hosting.ovh.net\/wp-content\/uploads\/2025\/04\/IMG-20250223-WA0008-1024x576.jpg\" alt=\"\" class=\"wp-image-518\" srcset=\"https:\/\/rambuteau91430.fr\/wp-content\/uploads\/2025\/04\/IMG-20250223-WA0008-1024x576.jpg 1024w, https:\/\/rambuteau91430.fr\/wp-content\/uploads\/2025\/04\/IMG-20250223-WA0008-300x169.jpg 300w, https:\/\/rambuteau91430.fr\/wp-content\/uploads\/2025\/04\/IMG-20250223-WA0008-768x432.jpg 768w, https:\/\/rambuteau91430.fr\/wp-content\/uploads\/2025\/04\/IMG-20250223-WA0008.jpg 1368w\" sizes=\"auto, (max-width: 1024px) 100vw, 1024px\" \/><\/figure>\n\n\n\n<figure class=\"wp-block-image size-large\"><img loading=\"lazy\" decoding=\"async\" width=\"1024\" height=\"768\" src=\"http:\/\/rambutd.cluster100.hosting.ovh.net\/wp-content\/uploads\/2025\/03\/STAL-Final-1024x768.jpg\" alt=\"\" class=\"wp-image-448\" srcset=\"https:\/\/rambuteau91430.fr\/wp-content\/uploads\/2025\/03\/STAL-Final-1024x768.jpg 1024w, https:\/\/rambuteau91430.fr\/wp-content\/uploads\/2025\/03\/STAL-Final-300x225.jpg 300w, https:\/\/rambuteau91430.fr\/wp-content\/uploads\/2025\/03\/STAL-Final-768x576.jpg 768w, https:\/\/rambuteau91430.fr\/wp-content\/uploads\/2025\/03\/STAL-Final-1536x1152.jpg 1536w, https:\/\/rambuteau91430.fr\/wp-content\/uploads\/2025\/03\/STAL-Final-2048x1536.jpg 2048w\" sizes=\"auto, (max-width: 1024px) 100vw, 1024px\" \/><\/figure>\n\n\n\n<figure class=\"wp-block-gallery has-nested-images columns-default is-cropped wp-block-gallery-3 is-layout-flex wp-block-gallery-is-layout-flex\">\n<figure class=\"wp-block-image size-large\"><img loading=\"lazy\" decoding=\"async\" width=\"1024\" height=\"576\" data-id=\"522\" src=\"https:\/\/rambutd.cluster100.hosting.ovh.net\/wp-content\/uploads\/2025\/04\/A7R0877-1024x576.jpg\" alt=\"\" class=\"wp-image-522\" srcset=\"https:\/\/rambuteau91430.fr\/wp-content\/uploads\/2025\/04\/A7R0877-1024x576.jpg 1024w, https:\/\/rambuteau91430.fr\/wp-content\/uploads\/2025\/04\/A7R0877-300x169.jpg 300w, https:\/\/rambuteau91430.fr\/wp-content\/uploads\/2025\/04\/A7R0877-768x432.jpg 768w, https:\/\/rambuteau91430.fr\/wp-content\/uploads\/2025\/04\/A7R0877-1536x864.jpg 1536w, https:\/\/rambuteau91430.fr\/wp-content\/uploads\/2025\/04\/A7R0877.jpg 1920w\" sizes=\"auto, (max-width: 1024px) 100vw, 1024px\" \/><\/figure>\n\n\n\n<figure class=\"wp-block-image size-large\"><img loading=\"lazy\" decoding=\"async\" width=\"1024\" height=\"683\" data-id=\"629\" src=\"https:\/\/rambutd.cluster100.hosting.ovh.net\/wp-content\/uploads\/2025\/05\/Stage-air-libre-1024x683-1.jpg\" alt=\"\" class=\"wp-image-629\" srcset=\"https:\/\/rambuteau91430.fr\/wp-content\/uploads\/2025\/05\/Stage-air-libre-1024x683-1.jpg 1024w, https:\/\/rambuteau91430.fr\/wp-content\/uploads\/2025\/05\/Stage-air-libre-1024x683-1-300x200.jpg 300w, https:\/\/rambuteau91430.fr\/wp-content\/uploads\/2025\/05\/Stage-air-libre-1024x683-1-768x512.jpg 768w\" sizes=\"auto, (max-width: 1024px) 100vw, 1024px\" \/><\/figure>\n\n\n\n<figure class=\"wp-block-image size-large\"><img loading=\"lazy\" decoding=\"async\" width=\"890\" height=\"1024\" data-id=\"628\" src=\"https:\/\/rambutd.cluster100.hosting.ovh.net\/wp-content\/uploads\/2025\/05\/17480371603432-890x1024.jpg\" alt=\"\" class=\"wp-image-628\" srcset=\"https:\/\/rambuteau91430.fr\/wp-content\/uploads\/2025\/05\/17480371603432-890x1024.jpg 890w, https:\/\/rambuteau91430.fr\/wp-content\/uploads\/2025\/05\/17480371603432-261x300.jpg 261w, https:\/\/rambuteau91430.fr\/wp-content\/uploads\/2025\/05\/17480371603432-768x884.jpg 768w, https:\/\/rambuteau91430.fr\/wp-content\/uploads\/2025\/05\/17480371603432-1335x1536.jpg 1335w, https:\/\/rambuteau91430.fr\/wp-content\/uploads\/2025\/05\/17480371603432.jpg 1512w\" sizes=\"auto, (max-width: 890px) 100vw, 890px\" \/><\/figure>\n<\/figure>\n\n\n\n<p><\/p>\n","protected":false},"excerpt":{"rendered":"<p>Prochains stages l&rsquo;air libre: Th\u00e9matique Auvergne avec Lo\u00efc Etienne et Olivier Sulpice Port\u00e9s par l&rsquo;association Le c\u0153ur t&rsquo;en dit les stages l&rsquo;air libre proposent une immersion musicale et\/ou dansante dans l&rsquo;univers des musiques et danses traditionnelles de France et d&rsquo;Europe : Un stage musique Un stage de danse Actuellement, les stages ont lieu deux fois [&hellip;]<\/p>\n","protected":false},"author":1,"featured_media":0,"parent":0,"menu_order":0,"comment_status":"closed","ping_status":"closed","template":"","meta":{"footnotes":""},"class_list":["post-19","page","type-page","status-publish","hentry"],"_links":{"self":[{"href":"https:\/\/rambuteau91430.fr\/index.php\/wp-json\/wp\/v2\/pages\/19","targetHints":{"allow":["GET"]}}],"collection":[{"href":"https:\/\/rambuteau91430.fr\/index.php\/wp-json\/wp\/v2\/pages"}],"about":[{"href":"https:\/\/rambuteau91430.fr\/index.php\/wp-json\/wp\/v2\/types\/page"}],"author":[{"embeddable":true,"href":"https:\/\/rambuteau91430.fr\/index.php\/wp-json\/wp\/v2\/users\/1"}],"replies":[{"embeddable":true,"href":"https:\/\/rambuteau91430.fr\/index.php\/wp-json\/wp\/v2\/comments?post=19"}],"version-history":[{"count":1,"href":"https:\/\/rambuteau91430.fr\/index.php\/wp-json\/wp\/v2\/pages\/19\/revisions"}],"predecessor-version":[{"id":763,"href":"https:\/\/rambuteau91430.fr\/index.php\/wp-json\/wp\/v2\/pages\/19\/revisions\/763"}],"wp:attachment":[{"href":"https:\/\/rambuteau91430.fr\/index.php\/wp-json\/wp\/v2\/media?parent=19"}],"curies":[{"name":"wp","href":"https:\/\/api.w.org\/{rel}","templated":true}]}}