{"id":16,"date":"2025-01-21T13:43:05","date_gmt":"2025-01-21T12:43:05","guid":{"rendered":"https:\/\/rambuteau91430.com\/?page_id=16"},"modified":"2025-01-21T13:43:05","modified_gmt":"2025-01-21T12:43:05","slug":"caroline-bosselut","status":"publish","type":"page","link":"https:\/\/rambuteau91430.fr\/index.php\/caroline-bosselut\/","title":{"rendered":"Caroline Bocage Bosselut"},"content":{"rendered":"\n<figure class=\"wp-block-image size-large\"><img loading=\"lazy\" decoding=\"async\" width=\"1024\" height=\"683\" src=\"http:\/\/rambutd.cluster100.hosting.ovh.net\/wp-content\/uploads\/2025\/02\/Carol_debout_bois-1024x683.jpg\" alt=\"\" class=\"wp-image-302\" srcset=\"https:\/\/rambuteau91430.fr\/wp-content\/uploads\/2025\/02\/Carol_debout_bois-1024x683.jpg 1024w, https:\/\/rambuteau91430.fr\/wp-content\/uploads\/2025\/02\/Carol_debout_bois-300x200.jpg 300w, https:\/\/rambuteau91430.fr\/wp-content\/uploads\/2025\/02\/Carol_debout_bois-768x512.jpg 768w, https:\/\/rambuteau91430.fr\/wp-content\/uploads\/2025\/02\/Carol_debout_bois-1536x1025.jpg 1536w, https:\/\/rambuteau91430.fr\/wp-content\/uploads\/2025\/02\/Carol_debout_bois.jpg 1920w\" sizes=\"auto, (max-width: 1024px) 100vw, 1024px\" \/><\/figure>\n\n\n\n<p class=\"has-background\" style=\"background-color:#000000\">Musicienne, passionn\u00e9e de p\u00e9dagogie, danseuse, \u00a0je\u00a0commence la musique \u00e0 l\u2019\u00e2ge de 7 ans, effectue un cursus classique au conservatoire avec le r\u00e9pertoire de pr\u00e9dilection de cet instrument\u00a0: <br><strong>les musiques anciennes <\/strong>(<em>baroque, renaissance et m\u00e9di\u00e9vales<\/em>) mais \u00e9galement <strong>contemporaines<\/strong>, avec <strong>Daniel Brebbia<\/strong>, <strong>Arianna Maurette<\/strong>, <strong>Jean Pierre Nicolas<\/strong>, <strong>Pierre Boragno<\/strong>, classes CHAM, CRR conservatoire de Paris o\u00f9 j\u2019obtiens un prix de fl\u00fbte \u00e0 bec en 2000, un prix d\u2019organologie en 1997. <br>Des \u00e9tudes universitaires me donnent un master de musicologie option p\u00e9dagogie en 2000, un DE de fl\u00fbtes \u00e0 bec en 2003 au CEFEDEM Ile de France.<\/p>\n\n\n\n<p class=\"has-accent-2-background-color has-background\">La rencontre avec <strong>les musiques traditionnelles<\/strong> en 2003 marque un v\u00e9ritable tournant musical dans mon parcours&nbsp;: <br>j\u2019apprends en Irlande deux \u00e9t\u00e9s de suite le whistle avec Gavin Weelan et Phil Phelan et met le pied dans le r\u00e9seau des musiques traditionnelles quand je commence l&rsquo;exploration en France ensuite, notamment aupr\u00e8s de musiciens du Poitou, de Gascogne et d&rsquo;Auvergne.<\/p>\n\n\n\n<p class=\"has-background\" style=\"background-color:#000000\">Puis \u00ab&nbsp;tombe&nbsp;\u00bb litt\u00e9ralement dans les danses traditionnelles en 2013 en allant aux bals de l\u2019Europe. J\u2019y danse nuit et&nbsp; jour pendant une semaine, piqu\u00e9e par le virus, depuis je ne m\u2019arr\u00eate plus de danser, me sentant autant musicienne que danseuse dans les tripes&nbsp;! <br>Form\u00e9e r\u00e9guli\u00e8rement, notamment aupr\u00e8s de Gilles Laupr\u00e8tre lors de nombreux stages, Aur\u00e9lie Giet, Christian Pacher, Dani Detammaecker, mon approche de la danse se situe dans la lign\u00e9e de leur approche sensitive et globale de musicien danseur.<\/p>\n\n\n\n<p class=\"has-accent-2-background-color has-background\">Je commence l\u2019apprentissage de la boha en 2016 (Adrien Villeneuve, Arnaud Bibonne) ainsi que le jazz et l\u2019improvisation en 2017 (Antoine Daur\u00e8s, Vincent Bourgeix, S\u00e9bastien Bidon).<\/p>\n\n\n\n<p class=\"has-background\" style=\"background-color:#000000\">Passionn\u00e9e par la transmission depuis toujours, j\u2019enseigne la fl\u00fbte \u00e0 bec\/Whistle au conservatoire de Villebon sur Yvette et les musiques et danses traditionnelles au CRD conservatoire de Orsay Paris Saclay.<\/p>\n\n\n\n<p class=\"has-accent-2-background-color has-background\">J\u2019anime r\u00e9guli\u00e8rement des bals sur le territoire, essentiellement avec notre groupe de bal folk Odela dans les salles de spectacle, mariages, festivals, \u00e9coles, \u00e9coles de musique&#8230; Mais \u00e9galement avec tous mes \u00e9l\u00e8ves  (premi\u00e8re partie  de bals du territoire, bal du conservatoire&#8230;)<\/p>\n\n\n\n<p class=\"has-accent-5-background-color has-background\">Je joue sur des fl\u00fbtes de Marie Huilsen, Robert Netch,&nbsp; Mollenhauer, Kung K4, des whistle de Phil Bleazay, chieftains overton, Des Seery.<\/p>\n\n\n\n<p><\/p>\n","protected":false},"excerpt":{"rendered":"<p>Musicienne, passionn\u00e9e de p\u00e9dagogie, danseuse, \u00a0je\u00a0commence la musique \u00e0 l\u2019\u00e2ge de 7 ans, effectue un cursus classique au conservatoire avec le r\u00e9pertoire de pr\u00e9dilection de cet instrument\u00a0: les musiques anciennes (baroque, renaissance et m\u00e9di\u00e9vales) mais \u00e9galement contemporaines, avec Daniel Brebbia, Arianna Maurette, Jean Pierre Nicolas, Pierre Boragno, classes CHAM, CRR conservatoire de Paris o\u00f9 j\u2019obtiens [&hellip;]<\/p>\n","protected":false},"author":1,"featured_media":0,"parent":0,"menu_order":0,"comment_status":"closed","ping_status":"closed","template":"page-no-separators","meta":{"footnotes":""},"class_list":["post-16","page","type-page","status-publish","hentry"],"_links":{"self":[{"href":"https:\/\/rambuteau91430.fr\/index.php\/wp-json\/wp\/v2\/pages\/16","targetHints":{"allow":["GET"]}}],"collection":[{"href":"https:\/\/rambuteau91430.fr\/index.php\/wp-json\/wp\/v2\/pages"}],"about":[{"href":"https:\/\/rambuteau91430.fr\/index.php\/wp-json\/wp\/v2\/types\/page"}],"author":[{"embeddable":true,"href":"https:\/\/rambuteau91430.fr\/index.php\/wp-json\/wp\/v2\/users\/1"}],"replies":[{"embeddable":true,"href":"https:\/\/rambuteau91430.fr\/index.php\/wp-json\/wp\/v2\/comments?post=16"}],"version-history":[{"count":0,"href":"https:\/\/rambuteau91430.fr\/index.php\/wp-json\/wp\/v2\/pages\/16\/revisions"}],"wp:attachment":[{"href":"https:\/\/rambuteau91430.fr\/index.php\/wp-json\/wp\/v2\/media?parent=16"}],"curies":[{"name":"wp","href":"https:\/\/api.w.org\/{rel}","templated":true}]}}